{"id":9416,"date":"2026-01-21T15:11:41","date_gmt":"2026-01-21T14:11:41","guid":{"rendered":"https:\/\/www.worldwatercouncil.org\/?page_id=9416"},"modified":"2026-01-21T15:55:57","modified_gmt":"2026-01-21T14:55:57","slug":"site-map","status":"publish","type":"page","link":"https:\/\/www.worldwatercouncil.org\/fr\/site-map\/","title":{"rendered":"Plan du site"},"content":{"rendered":"<div data-elementor-type=\"wp-page\" data-elementor-id=\"9416\" class=\"elementor elementor-9416\" data-elementor-post-type=\"page\">\n\t\t\t\t<div class=\"elementor-element elementor-element-0382ba6 e-con-full e-flex e-con e-parent\" data-id=\"0382ba6\" data-element_type=\"container\" data-e-type=\"container\" data-settings=\"{&quot;background_background&quot;:&quot;classic&quot;}\">\n\t\t<div class=\"elementor-element elementor-element-fd994f5 e-con-full e-flex e-con e-child\" data-id=\"fd994f5\" data-element_type=\"container\" data-e-type=\"container\">\n\t\t\t\t<div class=\"elementor-element elementor-element-73943d1 elementor-widget__width-initial elementor-widget elementor-widget-heading\" data-id=\"73943d1\" data-element_type=\"widget\" data-e-type=\"widget\" data-widget_type=\"heading.default\">\n\t\t\t\t\t<h1 class=\"elementor-heading-title elementor-size-default\">Plan du site<\/h1>\t\t\t\t<\/div>\n\t\t\t\t<\/div>\n\t\t\t\t<\/div>\n\t\t<div class=\"elementor-element elementor-element-4d326c5 e-flex e-con-boxed e-con e-parent\" data-id=\"4d326c5\" data-element_type=\"container\" data-e-type=\"container\">\n\t\t\t\t\t<div class=\"e-con-inner\">\n\t\t\t\t<div class=\"elementor-element elementor-element-5c46afd elementor-widget__width-inherit elementor-widget elementor-widget-sitemap\" data-id=\"5c46afd\" data-element_type=\"widget\" data-e-type=\"widget\" data-widget_type=\"sitemap.default\">\n\t\t\t\t\t<div class=\"elementor-sitemap-wrap\"><div class=\"elementor-sitemap-section\"><h2 class=\"elementor-sitemap-title elementor-sitemap-page-title\">Pages<\/h2><ul class=\"elementor-sitemap-list elementor-sitemap-page-list\"><li class=\"elementor-sitemap-item elementor-sitemap-item-page page_item page-item-522\"><a href=\"https:\/\/www.worldwatercouncil.org\/fr\/world-event\/\">Un \u00e9v\u00e9nement mondial<\/a><\/li><li class=\"elementor-sitemap-item elementor-sitemap-item-page page_item page-item-480\"><a href=\"https:\/\/www.worldwatercouncil.org\/fr\/world-water-council\/\">\u00c0 propos<br> de nous<\/a><\/li><li class=\"elementor-sitemap-item elementor-sitemap-item-page page_item page-item-530\"><a href=\"https:\/\/www.worldwatercouncil.org\/fr\/become-a-member\/\">Devenir membre<\/a><\/li><li class=\"elementor-sitemap-item elementor-sitemap-item-page page_item page-item-482\"><a href=\"https:\/\/www.worldwatercouncil.org\/fr\/governance\/\">Conseil des gouverneurs<\/a><\/li><li class=\"elementor-sitemap-item elementor-sitemap-item-page page_item page-item-486\"><a href=\"https:\/\/www.worldwatercouncil.org\/fr\/head-of-council\/\">Bureau<\/a><ul class='children'><li class=\"elementor-sitemap-item elementor-sitemap-item-page page_item page-item-8487\"><a href=\"https:\/\/www.worldwatercouncil.org\/fr\/head-of-council\/page-test\/\">Test de page<\/a><\/li><\/ul><\/li><li class=\"elementor-sitemap-item elementor-sitemap-item-page page_item page-item-498\"><a href=\"https:\/\/www.worldwatercouncil.org\/fr\/contact-us\/\">Contact<\/a><\/li><li class=\"elementor-sitemap-item elementor-sitemap-item-page page_item page-item-508\"><a href=\"https:\/\/www.worldwatercouncil.org\/fr\/financing-water\/\">Financement de l'eau<\/a><\/li><li class=\"elementor-sitemap-item elementor-sitemap-item-page page_item page-item-492\"><a href=\"https:\/\/www.worldwatercouncil.org\/fr\/history\/\">L'histoire<\/a><\/li><li class=\"elementor-sitemap-item elementor-sitemap-item-page page_item page-item-62\"><a href=\"https:\/\/www.worldwatercouncil.org\/fr\/\">Accueil<\/a><\/li><li class=\"elementor-sitemap-item elementor-sitemap-item-page page_item page-item-488\"><a href=\"https:\/\/www.worldwatercouncil.org\/fr\/honorary-presidents\/\">Pr\u00e9sidents d'honneur<\/a><\/li><li class=\"elementor-sitemap-item elementor-sitemap-item-page page_item page-item-9293\"><a href=\"https:\/\/www.worldwatercouncil.org\/fr\/legal-notices\/\">Avis juridiques<\/a><\/li><li class=\"elementor-sitemap-item elementor-sitemap-item-page page_item page-item-490\"><a href=\"https:\/\/www.worldwatercouncil.org\/fr\/members-directory\/\">Annuaire des membres<\/a><\/li><li class=\"elementor-sitemap-item elementor-sitemap-item-page page_item page-item-496\"><a href=\"https:\/\/www.worldwatercouncil.org\/fr\/news\/\">Actualit\u00e9s<\/a><\/li><li class=\"elementor-sitemap-item elementor-sitemap-item-page page_item page-item-510\"><a href=\"https:\/\/www.worldwatercouncil.org\/fr\/observatory-non-conventional-water-resources-associated-renewable-energies\/\">Observatoire des ressources renouvelables connues et associ\u00e9es<\/a><\/li><li class=\"elementor-sitemap-item elementor-sitemap-item-page page_item page-item-9276\"><a href=\"https:\/\/www.worldwatercouncil.org\/fr\/personal-data-and-cookies-policy\/\">Politique en mati\u00e8re de donn\u00e9es personnelles et de cookies<\/a><\/li><li class=\"elementor-sitemap-item elementor-sitemap-item-page page_item page-item-500\"><a href=\"https:\/\/www.worldwatercouncil.org\/fr\/press\/\">Salle de presse<\/a><\/li><li class=\"elementor-sitemap-item elementor-sitemap-item-page page_item page-item-518\"><a href=\"https:\/\/www.worldwatercouncil.org\/fr\/projects-initiatives\/\">Projets et initiatives<\/a><\/li><li class=\"elementor-sitemap-item elementor-sitemap-item-page page_item page-item-575\"><a href=\"https:\/\/www.worldwatercouncil.org\/fr\/publications-library\/\">Biblioth\u00e8que des publications<\/a><\/li><li class=\"elementor-sitemap-item elementor-sitemap-item-page page_item page-item-9416\"><a href=\"https:\/\/www.worldwatercouncil.org\/fr\/site-map\/\">Plan du site<\/a><\/li><li class=\"elementor-sitemap-item elementor-sitemap-item-page page_item page-item-502\"><a href=\"https:\/\/www.worldwatercouncil.org\/fr\/speeches\/\">Discours<\/a><\/li><li class=\"elementor-sitemap-item elementor-sitemap-item-page page_item page-item-504\"><a href=\"https:\/\/www.worldwatercouncil.org\/fr\/strategy-framework\/\">Cadre strat\u00e9gique<\/a><\/li><li class=\"elementor-sitemap-item elementor-sitemap-item-page page_item page-item-494\"><a href=\"https:\/\/www.worldwatercouncil.org\/fr\/vacancies\/\">Postes vacants<\/a><\/li><li class=\"elementor-sitemap-item elementor-sitemap-item-page page_item page-item-514\"><a href=\"https:\/\/www.worldwatercouncil.org\/fr\/water-humans-and-nature\/\">L'eau pour les humains et la nature<\/a><\/li><li class=\"elementor-sitemap-item elementor-sitemap-item-page page_item page-item-1687\"><a href=\"https:\/\/www.worldwatercouncil.org\/fr\/water-prizes\/\">Prix internationaux de l'eau<\/a><\/li><li class=\"elementor-sitemap-item elementor-sitemap-item-page page_item page-item-512\"><a href=\"https:\/\/www.worldwatercouncil.org\/fr\/water-quality-and-health\/\">Qualit\u00e9 de l'eau et sant\u00e9<\/a><\/li><li class=\"elementor-sitemap-item elementor-sitemap-item-page page_item page-item-506\"><a href=\"https:\/\/www.worldwatercouncil.org\/fr\/water-security-resilience\/\">S\u00e9curit\u00e9 et r\u00e9silience de l'eau<\/a><\/li><li class=\"elementor-sitemap-item elementor-sitemap-item-page page_item page-item-520\"><a href=\"https:\/\/www.worldwatercouncil.org\/fr\/webinars\/\">Webinaires<\/a><\/li><li class=\"elementor-sitemap-item elementor-sitemap-item-page page_item page-item-484\"><a href=\"https:\/\/www.worldwatercouncil.org\/fr\/youth-delegates\/\">D\u00e9l\u00e9gu\u00e9s de la jeunesse<\/a><\/li><li class=\"elementor-sitemap-item elementor-sitemap-item-page page_item page-item-516\"><a href=\"https:\/\/www.worldwatercouncil.org\/fr\/youth-program\/\">Programme pour la jeunesse<\/a><\/li><\/ul><\/div><div class=\"elementor-sitemap-section\"><h2 class=\"elementor-sitemap-title elementor-sitemap-forum-title\">Forums<\/h2><ul class=\"elementor-sitemap-list elementor-sitemap-forum-list\"><li class=\"elementor-sitemap-item elementor-sitemap-item-forum page_item page-item-1788\"><a href=\"https:\/\/www.worldwatercouncil.org\/fr\/forum\/riyadh-2027\/\">Riyad 2027<\/a><\/li><li class=\"elementor-sitemap-item elementor-sitemap-item-forum page_item page-item-1790\"><a href=\"https:\/\/www.worldwatercouncil.org\/fr\/forum\/bali-2024\/\">Bali 2024<\/a><\/li><li class=\"elementor-sitemap-item elementor-sitemap-item-forum page_item page-item-1960\"><a href=\"https:\/\/www.worldwatercouncil.org\/fr\/forum\/dakar-2021\/\">Dakar 2022<\/a><\/li><li class=\"elementor-sitemap-item elementor-sitemap-item-forum page_item page-item-2289\"><a href=\"https:\/\/www.worldwatercouncil.org\/fr\/forum\/brasilia-2018\/\">Brasilia 2018<\/a><\/li><li class=\"elementor-sitemap-item elementor-sitemap-item-forum page_item page-item-2290\"><a href=\"https:\/\/www.worldwatercouncil.org\/fr\/forum\/daegu-2015\/\">Daegu 2015<\/a><\/li><li class=\"elementor-sitemap-item elementor-sitemap-item-forum page_item page-item-2291\"><a href=\"https:\/\/www.worldwatercouncil.org\/fr\/forum\/marseille-2012\/\">Marseille 2012<\/a><\/li><li class=\"elementor-sitemap-item elementor-sitemap-item-forum page_item page-item-2292\"><a href=\"https:\/\/www.worldwatercouncil.org\/fr\/forum\/istanbul-2009\/\">Istanbul 2009<\/a><\/li><li class=\"elementor-sitemap-item elementor-sitemap-item-forum page_item page-item-2293\"><a href=\"https:\/\/www.worldwatercouncil.org\/fr\/forum\/mexico-city-2006\/\">Mexico 2006<\/a><\/li><li class=\"elementor-sitemap-item elementor-sitemap-item-forum page_item page-item-2294\"><a href=\"https:\/\/www.worldwatercouncil.org\/fr\/forum\/kyoto-2003\/\">Kyoto 2003<\/a><\/li><li class=\"elementor-sitemap-item elementor-sitemap-item-forum page_item page-item-2295\"><a href=\"https:\/\/www.worldwatercouncil.org\/fr\/forum\/the-hague-2000\/\">La Haye 2000<\/a><\/li><li class=\"elementor-sitemap-item elementor-sitemap-item-forum page_item page-item-2296\"><a href=\"https:\/\/www.worldwatercouncil.org\/fr\/forum\/marrakech-1997\/\">Marrakech 1997<\/a><\/li><\/ul><\/div><div class=\"elementor-sitemap-section\"><h2 class=\"elementor-sitemap-title elementor-sitemap-project-initiative-title\">Projets et initiatives<\/h2><ul class=\"elementor-sitemap-list elementor-sitemap-project-initiative-list\"><li class=\"elementor-sitemap-item elementor-sitemap-item-project-initiative page_item page-item-9679\"><a href=\"https:\/\/www.worldwatercouncil.org\/fr\/project-initiative\/citieswithwater-international-photography-competition\/\">Concours international de photographie CitiesWithWater<\/a><\/li><li class=\"elementor-sitemap-item elementor-sitemap-item-project-initiative page_item page-item-9399\"><a href=\"https:\/\/www.worldwatercouncil.org\/fr\/project-initiative\/partnership-with-iclei-citieswithwater\/\">Partenariat avec ICLEI : Villes avec de l'eau<\/a><\/li><li class=\"elementor-sitemap-item elementor-sitemap-item-project-initiative page_item page-item-2579\"><a href=\"https:\/\/www.worldwatercouncil.org\/fr\/project-initiative\/test-project-initiative-lorem-ipsum\/\">Table ronde sur le financement de l'eau<\/a><\/li><\/ul><\/div><div class=\"elementor-sitemap-section\"><h2 class=\"elementor-sitemap-title elementor-sitemap-water-prize-title\">Prix internationaux de l'eau<\/h2><ul class=\"elementor-sitemap-list elementor-sitemap-water-prize-list\"><li class=\"elementor-sitemap-item elementor-sitemap-item-water-prize page_item page-item-2600\"><a href=\"https:\/\/www.worldwatercouncil.org\/fr\/water-prize\/test-king-hassan-ii-great-world-water-prize\/\">Roi Hassan II Grand Prix mondial de l'eau<\/a><\/li><li class=\"elementor-sitemap-item elementor-sitemap-item-water-prize page_item page-item-9405\"><a href=\"https:\/\/www.worldwatercouncil.org\/fr\/water-prize\/kyoto-world-water-grand-prize\/\">Grand prix mondial de l'eau de Kyoto<\/a><\/li><\/ul><\/div><\/div>\t\t\t\t<\/div>\n\t\t\t\t\t<\/div>\n\t\t\t\t<\/div>\n\t\t\t\t<\/div>","protected":false},"excerpt":{"rendered":"","protected":false},"author":5,"featured_media":0,"parent":0,"menu_order":0,"comment_status":"closed","ping_status":"closed","template":"","meta":{"_acf_changed":false,"footnotes":""},"class_list":["post-9416","page","type-page","status-publish","hentry"],"acf":[],"yoast_head":"<!-- This site is optimized with the Yoast SEO plugin v27.3 - https:\/\/yoast.com\/product\/yoast-seo-wordpress\/ -->\n<title>Site map - World Water Council<\/title>\n<meta name=\"robots\" content=\"index, follow, max-snippet:-1, max-image-preview:large, max-video-preview:-1\" \/>\n<link rel=\"canonical\" href=\"https:\/\/www.worldwatercouncil.org\/fr\/speech\/ouverture-de-la-2e-reunion-des-parties-prenantes-bali-discours-douverture-inspirant\/\" \/>\n<meta property=\"og:locale\" content=\"fr_FR\" \/>\n<meta property=\"og:type\" content=\"article\" \/>\n<meta property=\"og:title\" content=\"Site map - World Water Council\" \/>\n<meta property=\"og:url\" content=\"https:\/\/www.worldwatercouncil.org\/fr\/speech\/ouverture-de-la-2e-reunion-des-parties-prenantes-bali-discours-douverture-inspirant\/\" \/>\n<meta property=\"og:site_name\" content=\"World Water Council\" \/>\n<meta property=\"article:modified_time\" content=\"2026-01-21T14:55:57+00:00\" \/>\n<meta name=\"twitter:card\" content=\"summary_large_image\" \/>\n<meta name=\"twitter:label1\" content=\"Dur\u00e9e de lecture estim\u00e9e\" \/>\n\t<meta name=\"twitter:data1\" content=\"1 minute\" \/>\n<script type=\"application\/ld+json\" class=\"yoast-schema-graph\">{\"@context\":\"https:\\\/\\\/schema.org\",\"@graph\":[{\"@type\":\"WebPage\",\"@id\":\"https:\\\/\\\/www.worldwatercouncil.org\\\/speech\\\/ouverture-de-la-2e-reunion-des-parties-prenantes-bali-discours-douverture-inspirant\\\/\",\"url\":\"https:\\\/\\\/www.worldwatercouncil.org\\\/speech\\\/ouverture-de-la-2e-reunion-des-parties-prenantes-bali-discours-douverture-inspirant\\\/\",\"name\":\"Site map - World Water Council\",\"isPartOf\":{\"@id\":\"https:\\\/\\\/www.worldwatercouncil.org\\\/speech\\\/ouverture-de-la-2e-reunion-des-parties-prenantes-bali-discours-douverture-inspirant\\\/#website\"},\"datePublished\":\"2026-01-21T14:11:41+00:00\",\"dateModified\":\"2026-01-21T14:55:57+00:00\",\"breadcrumb\":{\"@id\":\"https:\\\/\\\/www.worldwatercouncil.org\\\/speech\\\/ouverture-de-la-2e-reunion-des-parties-prenantes-bali-discours-douverture-inspirant\\\/#breadcrumb\"},\"inLanguage\":\"fr-FR\",\"potentialAction\":[{\"@type\":\"ReadAction\",\"target\":[\"https:\\\/\\\/www.worldwatercouncil.org\\\/speech\\\/ouverture-de-la-2e-reunion-des-parties-prenantes-bali-discours-douverture-inspirant\\\/\"]}]},{\"@type\":\"BreadcrumbList\",\"@id\":\"https:\\\/\\\/www.worldwatercouncil.org\\\/speech\\\/ouverture-de-la-2e-reunion-des-parties-prenantes-bali-discours-douverture-inspirant\\\/#breadcrumb\",\"itemListElement\":[{\"@type\":\"ListItem\",\"position\":1,\"name\":\"Accueil\",\"item\":\"https:\\\/\\\/www.worldwatercouncil.org\\\/speech\\\/ouverture-de-la-2e-reunion-des-parties-prenantes-bali-discours-douverture-inspirant\\\/\"},{\"@type\":\"ListItem\",\"position\":2,\"name\":\"Site map\"}]},{\"@type\":\"WebSite\",\"@id\":\"https:\\\/\\\/www.worldwatercouncil.org\\\/speech\\\/ouverture-de-la-2e-reunion-des-parties-prenantes-bali-discours-douverture-inspirant\\\/#website\",\"url\":\"https:\\\/\\\/www.worldwatercouncil.org\\\/speech\\\/ouverture-de-la-2e-reunion-des-parties-prenantes-bali-discours-douverture-inspirant\\\/\",\"name\":\"World Water Council\",\"description\":\"\",\"publisher\":{\"@id\":\"https:\\\/\\\/www.worldwatercouncil.org\\\/speech\\\/ouverture-de-la-2e-reunion-des-parties-prenantes-bali-discours-douverture-inspirant\\\/#organization\"},\"potentialAction\":[{\"@type\":\"SearchAction\",\"target\":{\"@type\":\"EntryPoint\",\"urlTemplate\":\"https:\\\/\\\/www.worldwatercouncil.org\\\/speech\\\/ouverture-de-la-2e-reunion-des-parties-prenantes-bali-discours-douverture-inspirant\\\/?s={search_term_string}\"},\"query-input\":{\"@type\":\"PropertyValueSpecification\",\"valueRequired\":true,\"valueName\":\"search_term_string\"}}],\"inLanguage\":\"fr-FR\"},{\"@type\":\"Organization\",\"@id\":\"https:\\\/\\\/www.worldwatercouncil.org\\\/speech\\\/ouverture-de-la-2e-reunion-des-parties-prenantes-bali-discours-douverture-inspirant\\\/#organization\",\"name\":\"World Water Council\",\"url\":\"https:\\\/\\\/www.worldwatercouncil.org\\\/speech\\\/ouverture-de-la-2e-reunion-des-parties-prenantes-bali-discours-douverture-inspirant\\\/\",\"logo\":{\"@type\":\"ImageObject\",\"inLanguage\":\"fr-FR\",\"@id\":\"https:\\\/\\\/www.worldwatercouncil.org\\\/speech\\\/ouverture-de-la-2e-reunion-des-parties-prenantes-bali-discours-douverture-inspirant\\\/#\\\/schema\\\/logo\\\/image\\\/\",\"url\":\"https:\\\/\\\/www.worldwatercouncil.org\\\/wp-content\\\/uploads\\\/2025\\\/08\\\/Logo-site.png\",\"contentUrl\":\"https:\\\/\\\/www.worldwatercouncil.org\\\/wp-content\\\/uploads\\\/2025\\\/08\\\/Logo-site.png\",\"width\":171,\"height\":100,\"caption\":\"World Water Council\"},\"image\":{\"@id\":\"https:\\\/\\\/www.worldwatercouncil.org\\\/speech\\\/ouverture-de-la-2e-reunion-des-parties-prenantes-bali-discours-douverture-inspirant\\\/#\\\/schema\\\/logo\\\/image\\\/\"}}]}<\/script>\n<!-- \/ Yoast SEO plugin. -->","yoast_head_json":{"title":"Plan du site - Conseil mondial de l'eau","robots":{"index":"index","follow":"follow","max-snippet":"max-snippet:-1","max-image-preview":"max-image-preview:large","max-video-preview":"max-video-preview:-1"},"canonical":"https:\/\/www.worldwatercouncil.org\/fr\/speech\/ouverture-de-la-2e-reunion-des-parties-prenantes-bali-discours-douverture-inspirant\/","og_locale":"fr_FR","og_type":"article","og_title":"Site map - World Water Council","og_url":"https:\/\/www.worldwatercouncil.org\/fr\/speech\/ouverture-de-la-2e-reunion-des-parties-prenantes-bali-discours-douverture-inspirant\/","og_site_name":"World Water Council","article_modified_time":"2026-01-21T14:55:57+00:00","twitter_card":"summary_large_image","twitter_misc":{"Dur\u00e9e de lecture estim\u00e9e":"1 minute"},"schema":{"@context":"https:\/\/schema.org","@graph":[{"@type":"WebPage","@id":"https:\/\/www.worldwatercouncil.org\/speech\/ouverture-de-la-2e-reunion-des-parties-prenantes-bali-discours-douverture-inspirant\/","url":"https:\/\/www.worldwatercouncil.org\/speech\/ouverture-de-la-2e-reunion-des-parties-prenantes-bali-discours-douverture-inspirant\/","name":"Plan du site - Conseil mondial de l'eau","isPartOf":{"@id":"https:\/\/www.worldwatercouncil.org\/speech\/ouverture-de-la-2e-reunion-des-parties-prenantes-bali-discours-douverture-inspirant\/#website"},"datePublished":"2026-01-21T14:11:41+00:00","dateModified":"2026-01-21T14:55:57+00:00","breadcrumb":{"@id":"https:\/\/www.worldwatercouncil.org\/speech\/ouverture-de-la-2e-reunion-des-parties-prenantes-bali-discours-douverture-inspirant\/#breadcrumb"},"inLanguage":"fr-FR","potentialAction":[{"@type":"ReadAction","target":["https:\/\/www.worldwatercouncil.org\/speech\/ouverture-de-la-2e-reunion-des-parties-prenantes-bali-discours-douverture-inspirant\/"]}]},{"@type":"BreadcrumbList","@id":"https:\/\/www.worldwatercouncil.org\/speech\/ouverture-de-la-2e-reunion-des-parties-prenantes-bali-discours-douverture-inspirant\/#breadcrumb","itemListElement":[{"@type":"ListItem","position":1,"name":"Accueil","item":"https:\/\/www.worldwatercouncil.org\/speech\/ouverture-de-la-2e-reunion-des-parties-prenantes-bali-discours-douverture-inspirant\/"},{"@type":"ListItem","position":2,"name":"Site map"}]},{"@type":"WebSite","@id":"https:\/\/www.worldwatercouncil.org\/speech\/ouverture-de-la-2e-reunion-des-parties-prenantes-bali-discours-douverture-inspirant\/#website","url":"https:\/\/www.worldwatercouncil.org\/speech\/ouverture-de-la-2e-reunion-des-parties-prenantes-bali-discours-douverture-inspirant\/","name":"Conseil mondial de l'eau","description":"","publisher":{"@id":"https:\/\/www.worldwatercouncil.org\/speech\/ouverture-de-la-2e-reunion-des-parties-prenantes-bali-discours-douverture-inspirant\/#organization"},"potentialAction":[{"@type":"SearchAction","target":{"@type":"EntryPoint","urlTemplate":"https:\/\/www.worldwatercouncil.org\/speech\/ouverture-de-la-2e-reunion-des-parties-prenantes-bali-discours-douverture-inspirant\/?s={search_term_string}"},"query-input":{"@type":"PropertyValueSpecification","valueRequired":true,"valueName":"search_term_string"}}],"inLanguage":"fr-FR"},{"@type":"Organization","@id":"https:\/\/www.worldwatercouncil.org\/speech\/ouverture-de-la-2e-reunion-des-parties-prenantes-bali-discours-douverture-inspirant\/#organization","name":"Conseil mondial de l'eau","url":"https:\/\/www.worldwatercouncil.org\/speech\/ouverture-de-la-2e-reunion-des-parties-prenantes-bali-discours-douverture-inspirant\/","logo":{"@type":"ImageObject","inLanguage":"fr-FR","@id":"https:\/\/www.worldwatercouncil.org\/speech\/ouverture-de-la-2e-reunion-des-parties-prenantes-bali-discours-douverture-inspirant\/#\/schema\/logo\/image\/","url":"https:\/\/www.worldwatercouncil.org\/wp-content\/uploads\/2025\/08\/Logo-site.png","contentUrl":"https:\/\/www.worldwatercouncil.org\/wp-content\/uploads\/2025\/08\/Logo-site.png","width":171,"height":100,"caption":"World Water Council"},"image":{"@id":"https:\/\/www.worldwatercouncil.org\/speech\/ouverture-de-la-2e-reunion-des-parties-prenantes-bali-discours-douverture-inspirant\/#\/schema\/logo\/image\/"}}]}},"_links":{"self":[{"href":"https:\/\/www.worldwatercouncil.org\/fr\/wp-json\/wp\/v2\/pages\/9416","targetHints":{"allow":["GET"]}}],"collection":[{"href":"https:\/\/www.worldwatercouncil.org\/fr\/wp-json\/wp\/v2\/pages"}],"about":[{"href":"https:\/\/www.worldwatercouncil.org\/fr\/wp-json\/wp\/v2\/types\/page"}],"author":[{"embeddable":true,"href":"https:\/\/www.worldwatercouncil.org\/fr\/wp-json\/wp\/v2\/users\/5"}],"replies":[{"embeddable":true,"href":"https:\/\/www.worldwatercouncil.org\/fr\/wp-json\/wp\/v2\/comments?post=9416"}],"version-history":[{"count":0,"href":"https:\/\/www.worldwatercouncil.org\/fr\/wp-json\/wp\/v2\/pages\/9416\/revisions"}],"wp:attachment":[{"href":"https:\/\/www.worldwatercouncil.org\/fr\/wp-json\/wp\/v2\/media?parent=9416"}],"curies":[{"name":"wp","href":"https:\/\/api.w.org\/{rel}","templated":true}]}}